{"id":17,"date":"2020-03-25T12:40:14","date_gmt":"2020-03-25T12:40:14","guid":{"rendered":"http:\/\/aufstellungsseminare.de\/?page_id=17"},"modified":"2023-08-23T10:19:42","modified_gmt":"2023-08-23T10:19:42","slug":"traumaberatung","status":"publish","type":"page","link":"https:\/\/aufstellungsseminare.de\/?page_id=17","title":{"rendered":"Traumaberatung"},"content":{"rendered":"\n<p>Familienaufstellung ist ein geeignetes Mittel, um L\u00f6sungen f\u00fcr Probleme und Konflikte zu finden, die innerhalb des Familiensystems entstanden sind und f\u00fcr den Einzelnen st\u00f6rend und lebenshinderlich sein k\u00f6nnen. Die Aufstellung dient dazu, den eigenen Platz in seinem System zu finden. Hat man diesen Platz eingenommen, l\u00f6sen sich viele Problem scheinbar wie von allein und man f\u00fchlt sich wieder mehr an die Lebensenergie angebunden.<\/p>\n\n\n\n<p>Die&nbsp;<strong>Trauma-Beratung<\/strong>&nbsp;ist dazu da, ein individuell entstandenes Trauma zu l\u00f6sen. Ein Trauma ist ein Erlebnis, das einen \u00fcberw\u00e4ltigte und auf das man in der konkreten Situation nicht angemessen reagieren konnte, sich z.B. nicht wehren oder weglaufen konnte. Diese blockierten Handlungsimpulse sind im K\u00f6rper gespeichert und entladen sich oft in unangemessener Weise im Alltag \u2013 es kann zu Schlafst\u00f6rungen, \u00c4ngsten, Essst\u00f6rungen, Panikattacken oder Wutanf\u00e4llen kommen. Ein Trauma kann viele Ursachen haben: ein Unfall, ein medizinischer Eingriff, Gewaltanwendung, Missbrauch u.\u00e4.<\/p>\n\n\n\n<p>Im Rahmen der Trauma-Beratung beginne ich oft mit einer Aufstellung, damit der Klient zuerst seinen eigenen Platz im System finden kann. Liegt ein Trauma vor, so k\u00f6nnen die Blockaden am besten in Einzelstunden schichtweise und behutsam gel\u00f6st werden.<\/p>\n","protected":false},"excerpt":{"rendered":"<p>Familienaufstellung ist ein geeignetes Mittel, um L\u00f6sungen f\u00fcr Probleme und Konflikte zu finden, die innerhalb des Familiensystems entstanden sind und&hellip;<\/p>\n","protected":false},"author":1,"featured_media":0,"parent":0,"menu_order":0,"comment_status":"closed","ping_status":"closed","template":"","meta":{"footnotes":""},"_links":{"self":[{"href":"https:\/\/aufstellungsseminare.de\/index.php?rest_route=\/wp\/v2\/pages\/17"}],"collection":[{"href":"https:\/\/aufstellungsseminare.de\/index.php?rest_route=\/wp\/v2\/pages"}],"about":[{"href":"https:\/\/aufstellungsseminare.de\/index.php?rest_route=\/wp\/v2\/types\/page"}],"author":[{"embeddable":true,"href":"https:\/\/aufstellungsseminare.de\/index.php?rest_route=\/wp\/v2\/users\/1"}],"replies":[{"embeddable":true,"href":"https:\/\/aufstellungsseminare.de\/index.php?rest_route=%2Fwp%2Fv2%2Fcomments&post=17"}],"version-history":[{"count":2,"href":"https:\/\/aufstellungsseminare.de\/index.php?rest_route=\/wp\/v2\/pages\/17\/revisions"}],"predecessor-version":[{"id":32,"href":"https:\/\/aufstellungsseminare.de\/index.php?rest_route=\/wp\/v2\/pages\/17\/revisions\/32"}],"wp:attachment":[{"href":"https:\/\/aufstellungsseminare.de\/index.php?rest_route=%2Fwp%2Fv2%2Fmedia&parent=17"}],"curies":[{"name":"wp","href":"https:\/\/api.w.org\/{rel}","templated":true}]}}