{"id":18,"date":"2020-03-25T12:40:14","date_gmt":"2020-03-25T12:40:14","guid":{"rendered":"http:\/\/aufstellungsseminare.de\/?page_id=18"},"modified":"2023-08-23T10:46:57","modified_gmt":"2023-08-23T10:46:57","slug":"einblicke-in-meine-arbeit","status":"publish","type":"page","link":"https:\/\/aufstellungsseminare.de\/?page_id=18","title":{"rendered":"Einblicke in meine Arbeit"},"content":{"rendered":"\n<p>Vor \u00fcber 30 Jahren habe ich \u00fcber Bert Hellinger das Familienstellen kennengelernt. Fasziniert von der Arbeitsweise und der Wirkung, habe ich mich in diesem Bereich stetig fortgebildet. Als anerkannte Systemaufstellerin und Lehrtrainerin der <a rel=\"noreferrer noopener\" href=\"http:\/\/www.familienaufstellung.org\/\" target=\"_blank\">\u00bbDeutsche Gesellschaft f\u00fcr Systemaufstellungen (DGfS)\u00ab<\/a> mache ich nun bereits seit \u00fcber 20 Jahren Familienaufstellungen sowie Organisationsaufstellungen in vielen deutschen St\u00e4dten, wie L\u00fcneburg, Hamburg, Berlin und Potsdam. In all diesen Jahren konnte ich Menschen aus ihren schwierigen Lebenssituationen, ob beruflicher oder privater Art, helfen. An dieser Stelle m\u00f6chte ich Ihnen einen Einblick in meine Arbeit mit dem Familienstellen geben und Ihnen einen Teil der Geschichten, die ich erlebt habe, vorstellen.<\/p>\n\n\n<ul class=\"wp-block-latest-posts__list aligncenter wp-block-latest-posts\"><li><a class=\"wp-block-latest-posts__post-title\" href=\"https:\/\/aufstellungsseminare.de\/?p=158\">Ein Erfahrungsbericht zur Aufstellungsarbeit: Schwere Krankheit<\/a><div class=\"wp-block-latest-posts__post-excerpt\">Als ich meine erste Familienaufstellung bei Christiane Hoffmann gerade beginnen wollte, erfasste mich pl\u00f6tzlich heftiges Schluchzen. \u201eWarum heulscht&#8217;n jetzt?\u201c, fragte Christiane ganz ruhig und ernst. Sie ahnte wohl, dass es dabei um ein anderes Thema ging als ich dachte. Damals befand ich mich in einer verzwickten Situation: Anfang drei\u00dfig, war ich seit mehreren Jahren mit meinem Studium zur\u00fcckgeblieben, um meinem Mann beizustehen, der schwer erkrankt war. W\u00e4hrend er sich in den Jahren der Krankheit zu dem wundervollsten Menschen entwickelte, den ich kannte, wurde ich immer unzufriedener mit meinem eigenen Leben, fand aber auch nicht den Absprung, um selbst voranzukommen. Ich \u00a0\u2026 <a href=\"https:\/\/aufstellungsseminare.de\/?p=158\" rel=\"noopener noreferrer\">Weiterlesen<\/a><\/div><\/li>\n<li><a class=\"wp-block-latest-posts__post-title\" href=\"https:\/\/aufstellungsseminare.de\/?p=185\">Familienaufstellung mal anders &#8211; n\u00e4mlich digital!<\/a><div class=\"wp-block-latest-posts__post-excerpt\">Vor Kurzem fand das erste digitale Seminar in kleiner Gruppe mit Teilnehmern aus ganz Deutschland statt. Die Eindr\u00fccke und Erfahrungen des &#8222;online Familienstellens&#8220; hat eine Teilnehmerin anschlie\u00dfend in einem Bericht verschriftlicht, den ich dank ihrer Einwilligung gerne teile.<\/div><\/li>\n<li><a class=\"wp-block-latest-posts__post-title\" href=\"https:\/\/aufstellungsseminare.de\/?p=166\">Ist die Corona-Pandemie eine Krise oder Chance f\u00fcr Beziehungen?<\/a><div class=\"wp-block-latest-posts__post-excerpt\">Corona befinden wir uns bereits seit einigen Wochen im Lockdown und daher auf engem Raum. Unsere Kontakte beschr\u00e4nken sich auf unseren Partner, die Kinder und Eltern. Durch Homeoffice und -schooling befinden wir uns oftmals mehrere Stunden unter ein und dem selben Dach. In einer Wohnung oder einem Haus wird zusammen gearbeitet, Kinder betreut, gegessen, Sport gemacht und geschlafen. Jeden Tag. Uns fehlen die eigenen Freir\u00e4ume, um uns zu regenerieren und die Zeit f\u00fcr uns selbst. Diese Enge kann sich auch auf die Beziehung auswirken und Partner geraten deutlich h\u00e4ufiger aneinander. Da kann es gut und gerne \u00f6fters krachen! Probleme, die \u00a0\u2026 <a href=\"https:\/\/aufstellungsseminare.de\/?p=166\" rel=\"noopener noreferrer\">Weiterlesen<\/a><\/div><\/li>\n<\/ul>\n\n\n<p><\/p>\n","protected":false},"excerpt":{"rendered":"<p>Vor \u00fcber 30 Jahren habe ich \u00fcber Bert Hellinger das Familienstellen kennengelernt. Fasziniert von der Arbeitsweise und der Wirkung, habe \u00a0\u2026 <a href=\"https:\/\/aufstellungsseminare.de\/?page_id=18\" rel=\"noopener noreferrer\">Weiterlesen<\/a><\/p>\n","protected":false},"author":1,"featured_media":0,"parent":0,"menu_order":0,"comment_status":"closed","ping_status":"closed","template":"","meta":{"footnotes":""},"_links":{"self":[{"href":"https:\/\/aufstellungsseminare.de\/index.php?rest_route=\/wp\/v2\/pages\/18"}],"collection":[{"href":"https:\/\/aufstellungsseminare.de\/index.php?rest_route=\/wp\/v2\/pages"}],"about":[{"href":"https:\/\/aufstellungsseminare.de\/index.php?rest_route=\/wp\/v2\/types\/page"}],"author":[{"embeddable":true,"href":"https:\/\/aufstellungsseminare.de\/index.php?rest_route=\/wp\/v2\/users\/1"}],"replies":[{"embeddable":true,"href":"https:\/\/aufstellungsseminare.de\/index.php?rest_route=%2Fwp%2Fv2%2Fcomments&post=18"}],"version-history":[{"count":8,"href":"https:\/\/aufstellungsseminare.de\/index.php?rest_route=\/wp\/v2\/pages\/18\/revisions"}],"predecessor-version":[{"id":212,"href":"https:\/\/aufstellungsseminare.de\/index.php?rest_route=\/wp\/v2\/pages\/18\/revisions\/212"}],"wp:attachment":[{"href":"https:\/\/aufstellungsseminare.de\/index.php?rest_route=%2Fwp%2Fv2%2Fmedia&parent=18"}],"curies":[{"name":"wp","href":"https:\/\/api.w.org\/{rel}","templated":true}]}}