{"id":2,"date":"2016-05-10T03:48:21","date_gmt":"2016-05-10T03:48:21","guid":{"rendered":"http:\/\/aufstellungsseminare.de\/?page_id=2"},"modified":"2023-08-23T10:11:16","modified_gmt":"2023-08-23T10:11:16","slug":"sample-page","status":"publish","type":"page","link":"https:\/\/aufstellungsseminare.de\/","title":{"rendered":"Herzlich Willkommen"},"content":{"rendered":"\n<figure class=\"wp-block-image alignwide\"><img decoding=\"async\" loading=\"lazy\" width=\"945\" height=\"315\" src=\"http:\/\/aufstellungsseminare.de\/wp-content\/uploads\/2020\/03\/fries_start.jpg\" alt=\"Christiane Hoffmann L\u00fcneburg Hamburg Berlin Potsdam Familienaufstellung \" class=\"wp-image-6\" srcset=\"https:\/\/aufstellungsseminare.de\/wp-content\/uploads\/2020\/03\/fries_start.jpg 945w, https:\/\/aufstellungsseminare.de\/wp-content\/uploads\/2020\/03\/fries_start-300x100.jpg 300w, https:\/\/aufstellungsseminare.de\/wp-content\/uploads\/2020\/03\/fries_start-768x256.jpg 768w\" sizes=\"(max-width: 945px) 100vw, 945px\" \/><\/figure>\n\n\n<p style=\"text-align: left;\">Eine Familienaufstellung erm\u00f6glicht es uns, die Hintergr\u00fcnde und Ursachen f\u00fcr berufliche und pers\u00f6nliche Schwierigkeiten zu sehen. Wir erleben dabei, dass wir mit den Mitgliedern unserer Familie enger verbunden sind, als uns dies oft bewusst ist. Wir erkennen die Verbindung von unerledigten Problemen in der Ursprungsfamilie und pers\u00f6nlichem Schicksal. Die <a href=\"http:\/\/aufstellungsseminare.de\/?page_id=16\">Familienaufstellungen und Organisationsaufstellungen<\/a> haben in den letzten Jahren weltweit gro\u00dfe Resonanz und Anerkennung gefunden. Ich lade Sie herzlich zu meinen Aufstellungsseminaren in Potsdam, Berlin, Hamburg und L\u00fcneburg ein. Auch f\u00fcr Einzelberatungen k\u00f6nnen Sie mich gern kontaktieren.<\/p>\n<p>Gleichzeitig biete ich auch <a href=\"http:\/\/aufstellungsseminare.de\/?page_id=17\">Trauma-Beratungen<\/a> an, denn viele Menschen haben traumatische Erfahrungen gemacht und ben\u00f6tigen Hilfe und Unterst\u00fctzung. Diese biete ich Ihnen, um nach einer traumatischen Erfahrung wieder ein Leben in Freude f\u00fchren zu k\u00f6nnen.<\/p>\n<p>Eine Weiterentwicklung der Aufstellungen, die in den letzten Jahren aus unz\u00e4hligen Erfahrungen heraus entstand, ist die <a href=\"http:\/\/aufstellungsseminare.de\/?page_id=16\">\u00bbBewegung der Seele\u00ab<\/a>. Hierbei zeigen sich im Wahrnehmen des gegenw\u00e4rtigen Augenblicks die richtigen L\u00f6sungen im Einklang mit dem System und seinen Ereignissen. Dies bringt wie von selbst Wandlung und Auss\u00f6hnung.<\/p>\n\n\n<p><\/p>\n","protected":false},"excerpt":{"rendered":"<p>Eine Familienaufstellung erm\u00f6glicht es uns, die Hintergr\u00fcnde und Ursachen f\u00fcr berufliche und pers\u00f6nliche Schwierigkeiten zu sehen. Wir erleben dabei, dass&hellip;<\/p>\n","protected":false},"author":1,"featured_media":0,"parent":0,"menu_order":0,"comment_status":"closed","ping_status":"open","template":"","meta":{"footnotes":""},"_links":{"self":[{"href":"https:\/\/aufstellungsseminare.de\/index.php?rest_route=\/wp\/v2\/pages\/2"}],"collection":[{"href":"https:\/\/aufstellungsseminare.de\/index.php?rest_route=\/wp\/v2\/pages"}],"about":[{"href":"https:\/\/aufstellungsseminare.de\/index.php?rest_route=\/wp\/v2\/types\/page"}],"author":[{"embeddable":true,"href":"https:\/\/aufstellungsseminare.de\/index.php?rest_route=\/wp\/v2\/users\/1"}],"replies":[{"embeddable":true,"href":"https:\/\/aufstellungsseminare.de\/index.php?rest_route=%2Fwp%2Fv2%2Fcomments&post=2"}],"version-history":[{"count":7,"href":"https:\/\/aufstellungsseminare.de\/index.php?rest_route=\/wp\/v2\/pages\/2\/revisions"}],"predecessor-version":[{"id":136,"href":"https:\/\/aufstellungsseminare.de\/index.php?rest_route=\/wp\/v2\/pages\/2\/revisions\/136"}],"wp:attachment":[{"href":"https:\/\/aufstellungsseminare.de\/index.php?rest_route=%2Fwp%2Fv2%2Fmedia&parent=2"}],"curies":[{"name":"wp","href":"https:\/\/api.w.org\/{rel}","templated":true}]}}