{"id":45,"date":"2020-03-25T13:15:56","date_gmt":"2020-03-25T13:15:56","guid":{"rendered":"http:\/\/aufstellungsseminare.de\/?page_id=45"},"modified":"2023-08-28T10:15:28","modified_gmt":"2023-08-28T10:15:28","slug":"impressum","status":"publish","type":"page","link":"https:\/\/aufstellungsseminare.de\/?page_id=45","title":{"rendered":"Impressum"},"content":{"rendered":"\n<p><strong>Kontakt:<\/strong><br><\/p>\n\n\n\n<p>Dipl. P\u00e4d. Christiane Hoffmann<br>Borgwardstr. 9b<br>21365 Adendorf<\/p>\n\n\n\n<p>E-Mail:<a href=\"email.compose.php?sid=sn723uk13fonop2qb1ur3nu5di&amp;to=aufstellungsseminare%40web.de\">aufstellungsseminare@web.de<\/a><\/p>\n\n\n\n<p>&nbsp;<br><strong>Webdesign und Fotografie:<\/strong><br>d17 Corporate Media Design<br>Oranienburger Stra\u00dfe 90<br>10178 Berlin<br>Fon: +49 (0)30 28 48 96 0<br><a rel=\"noreferrer noopener\" href=\"http:\/\/www.d17.de\/\" target=\"_blank\">www.d17.de<\/a><br>Kontakt: Uwe Lorenz, Patricia Hoffmann<br>E-Mail:&nbsp;<a href=\"mailto:u.lorenz@d17.de\">u.lorenz@d17.de<\/a><\/p>\n\n\n\n<p><br><strong>Technische Umsetzung:<\/strong><br>Monika Glahn, Patricia Hoffmann<br>E-Mail:&nbsp;<a href=\"mailto:mo.glahn@gmail.com\">mo.glahn@gmail.com<\/a><\/p>\n\n\n\n<p><br><br><strong>Datenschutzerkl\u00e4rung, Verlinkung und Inhalte<\/strong><br>Ich freue mich \u00fcber Ihr Interesse an meiner Webseite. Der Schutz Ihrer Privatsph\u00e4re ist f\u00fcr mich sehr wichtig. Nachstehend informiere ich Sie ausf\u00fchrlich \u00fcber den Umgang mit Ihren Daten.<br><br><strong>Erhebung, Verarbeitung und Nutzung personenbezogener Daten<\/strong><br>Sie k\u00f6nnen meine Seite besuchen, ohne Angaben zu Ihrer Person zu machen. Es werden dabei lediglich Zugriffsdaten ohne Personenbezug wie z. B. die IP-Adresse, die Ihr Internet Service Provider Ihrer Internetverbindung gegeben hat, die Seite, von der aus Sie meine Seiten besuchen oder die Namen der angeforderten Dateien gespeichert. Diese Daten werden ausschlie\u00dflich zur Verbesserung meines Angebotes ausgewertet und erlauben keine R\u00fcckschl\u00fcsse auf Ihre Person.<br>Personenbezogene Daten werden nur erhoben, wenn Sie diese freiwillig mitteilen, z. B. wenn Sie \u00fcber das Kontakt-\/Anmeldeformular eine Nachricht senden.<br>Ich verwende die von Ihnen mitgeteilten Daten ohne Ihre gesonderte Einwilligung ausschlie\u00dflich zur Bearbeitung Ihrer Anfrage.<br><br><strong>Keine Weitergabe personenbezogener Daten<\/strong><br>Es werden keine personenbezogenen Daten weiter gegeben.<br><br><strong>Auskunftsrecht<\/strong><br>Nach dem Bundesdatenschutzgesetz haben Sie ein Recht auf unentgeltliche Auskunft \u00fcber Ihre gespeicherten Daten sowie ggf. ein Recht auf Berichtigung, Sperrung oder L\u00f6schung dieser Daten.<br><br><strong>Ansprechpartner f\u00fcr Datenschutz<\/strong><br>Bei Fragen zur Erhebung, Verarbeitung oder Nutzung Ihrer personenbezogenen Daten, bei Ausk\u00fcnften, Berichtigung, Sperrung oder L\u00f6schung von Daten sowie Widerruf erteilter Einwilligungen wenden Sie sich bitte an mich unter den o. g. Kontaktdaten.<br><br><strong>Rechtlicher Hinweis zu den Links<\/strong><br>Der Domaininhaber macht sich den Inhalt verlinkter bzw. empfohlener Webseiten nicht zu Eigen und \u00fcbernimmt f\u00fcr etwaige Rechtsverst\u00f6\u00dfe auf diesen Seiten keine Haftung. Der Autor erkl\u00e4rt daher ausdr\u00fccklich, dass zum Zeitpunkt der Verlinkung die entsprechenden Websites frei von illegalen Inhalten waren. Der Autor hat keinerlei Einfluss auf die aktuelle und zuk\u00fcnftige Gestaltung und auf die Inhalte der empfohlenen Websites und n\u00fctzlichen Links und distanziert sich von unangemessenen Inhalten.<br><br><strong>Rechtlicher Hinweis zu Inhalten<\/strong><br>Der Autor \u00fcbernimmt keinerlei Gew\u00e4hr f\u00fcr die Aktualit\u00e4t, Korrektheit, Vollst\u00e4ndigkeit oder Qualit\u00e4t der aufgef\u00fchrten Informationen und Links. Haftungsanspr\u00fcche gegen den Autor sind grunds\u00e4tzlich ausgeschlossen.<br>Verantwortlich f\u00fcr den Inhalt der Seiten ist, soweit nicht eine anderweitige Verantwortlichkeit auf der Seite ausdr\u00fccklich gekennzeichnet wurde die unter Kontakt genannte Person.<\/p>\n","protected":false},"excerpt":{"rendered":"<p>Kontakt: Dipl. P\u00e4d. Christiane HoffmannBorgwardstr. 9b21365 Adendorf E-Mail:aufstellungsseminare@web.de &nbsp;Webdesign und Fotografie:d17 Corporate Media DesignOranienburger Stra\u00dfe 9010178 BerlinFon: +49 (0)30 28&hellip;<\/p>\n","protected":false},"author":1,"featured_media":0,"parent":0,"menu_order":0,"comment_status":"closed","ping_status":"closed","template":"","meta":{"footnotes":""},"_links":{"self":[{"href":"https:\/\/aufstellungsseminare.de\/index.php?rest_route=\/wp\/v2\/pages\/45"}],"collection":[{"href":"https:\/\/aufstellungsseminare.de\/index.php?rest_route=\/wp\/v2\/pages"}],"about":[{"href":"https:\/\/aufstellungsseminare.de\/index.php?rest_route=\/wp\/v2\/types\/page"}],"author":[{"embeddable":true,"href":"https:\/\/aufstellungsseminare.de\/index.php?rest_route=\/wp\/v2\/users\/1"}],"replies":[{"embeddable":true,"href":"https:\/\/aufstellungsseminare.de\/index.php?rest_route=%2Fwp%2Fv2%2Fcomments&post=45"}],"version-history":[{"count":6,"href":"https:\/\/aufstellungsseminare.de\/index.php?rest_route=\/wp\/v2\/pages\/45\/revisions"}],"predecessor-version":[{"id":229,"href":"https:\/\/aufstellungsseminare.de\/index.php?rest_route=\/wp\/v2\/pages\/45\/revisions\/229"}],"wp:attachment":[{"href":"https:\/\/aufstellungsseminare.de\/index.php?rest_route=%2Fwp%2Fv2%2Fmedia&parent=45"}],"curies":[{"name":"wp","href":"https:\/\/api.w.org\/{rel}","templated":true}]}}